{"id":15,"date":"2020-04-07T08:22:47","date_gmt":"2020-04-07T08:22:47","guid":{"rendered":"http:\/\/www.70-28.de\/?page_id=15"},"modified":"2023-10-19T13:02:23","modified_gmt":"2023-10-19T13:02:23","slug":"kontakt","status":"publish","type":"page","link":"https:\/\/www.70-28.de\/?page_id=15","title":{"rendered":"Kontakt"},"content":{"rendered":"\n<p><strong>Gesch\u00e4ftsleitung:<\/strong><\/p>\n\n\n\n<p>Silvio Nasdala; nasdala@warme-tec.de; 0178-8836002<\/p>\n\n\n\n<p><a href=\"https:\/\/www.supersaas.de\/form\/Nasdala\/Anfrage-an-den-GF\" target=\"_blank\" rel=\"noreferrer noopener\"><em>Direkte Nachricht an den Gesch\u00e4ftsf\u00fchrer HIER!<\/em><\/a><\/p>\n\n\n\n<h5 class=\"wp-block-heading has-small-font-size\" style=\"font-style:italic;font-weight:200\"><strong><a href=\"https:\/\/www.supersaas.de\/form\/Nasdala\/Oel\" target=\"_blank\" rel=\"noreferrer noopener\">HIER\u2026.bisherige \u00d6l-Heizung<\/a><\/strong><\/h5>\n\n\n\n<h5 class=\"wp-block-heading has-small-font-size\" style=\"font-style:italic;font-weight:200\"><strong><a href=\"https:\/\/www.supersaas.de\/form\/Nasdala\/Gas-Bestand\" target=\"_blank\" rel=\"noreferrer noopener\">HIER\u2026.bisherige Gas-Heizung<\/a><\/strong><\/h5>\n\n\n\n<h5 class=\"wp-block-heading has-small-font-size\" style=\"font-style:italic;font-weight:200\"><a href=\"https:\/\/www.supersaas.de\/form\/Nasdala\/Feststoff-Bestand\" target=\"_blank\" rel=\"noreferrer noopener\"><strong>HIER\u2026.bisherige Feststoffheizung<\/strong><\/a><\/h5>\n\n\n\n<h5 class=\"wp-block-heading has-small-font-size\" style=\"font-style:italic;font-weight:200\"><strong><a href=\"https:\/\/www.supersaas.de\/form\/Nasdala\/Nachspeicherheizung\" target=\"_blank\" rel=\"noreferrer noopener\">HIER\u2026.bisherige Nachtspeicherheizung<\/a><\/strong><\/h5>\n\n\n\n<h5 class=\"wp-block-heading has-small-font-size\" style=\"font-style:italic;font-weight:200\"><a href=\"https:\/\/www.supersaas.de\/form\/Nasdala\/HK-Liste\" target=\"_blank\" rel=\"noreferrer noopener\">HIER \u2026. k\u00f6nnen Sie eine Heizk\u00f6rper-, Raumliste erstellen.<\/a><\/h5>\n\n\n\n<p><\/p>\n\n\n\n<p><strong>Bauleitung:<\/strong><\/p>\n\n\n\n<p>Ralf M\u00fchle; muehle@waerme-tec.de<\/p>\n\n\n\n<p><a href=\"https:\/\/www.supersaas.de\/form\/Nasdala\/Anfrage-an-die-Bauleitung\" target=\"_blank\" rel=\"noreferrer noopener\"><em>Direkte Nachricht an die Bauleitung HIER!<\/em><\/a><\/p>\n\n\n\n<p><strong>Vertrieb:<\/strong><\/p>\n\n\n\n<p>03523-5369518; vertrieb@waerme-tec.de<\/p>\n\n\n\n<p><a href=\"https:\/\/www.supersaas.de\/form\/Nasdala\/Anfrage-an-den-Vertrieb\" target=\"_blank\" rel=\"noreferrer noopener\"><em>Direkte Nachricht an den Vertrieb HIER!<\/em><\/a><\/p>\n\n\n\n<p><strong>Wartung \/ Reperatur:<\/strong><\/p>\n\n\n\n<p>service1@waerme-tec.de; 0163-7330085 o. 0163-7330087<\/p>\n\n\n\n<p><a href=\"https:\/\/www.supersaas.de\/form\/Nasdala\/Anfrage-an-Kundendienst-Wartung\" target=\"_blank\" rel=\"noreferrer noopener\"><em>Direkte Nachricht an den Service HIER!<\/em><\/a><\/p>\n\n\n\n<p><strong>BAFA Antr\u00e4ge:<\/strong><\/p>\n\n\n\n<p>schoenherr@lueumel.de; 03523-5369510<\/p>\n\n\n\n<p><a href=\"https:\/\/www.supersaas.de\/form\/Nasdala\/Anfrage-an-das-Sekretariat\" target=\"_blank\" rel=\"noreferrer noopener\"><em>Direkte Nachricht an das Sekretariat HIER!<\/em><\/a><\/p>\n\n\n\n<p><strong>Buchhaltung:<\/strong><\/p>\n\n\n\n<p>hempelt@lueumel.de; 03523-5369520<\/p>\n\n\n\n<p><a href=\"https:\/\/www.supersaas.de\/form\/Nasdala\/Anfrage-an-die-Buchhaltung\" target=\"_blank\" rel=\"noreferrer noopener\"><em>Direkte Nachricht an die Buchhaltung HIER!<\/em><\/a><\/p>\n\n\n\n<p>Akquise<\/p>\n\n\n\n<p><a href=\"https:\/\/www.supersaas.de\/form\/Nasdala\/Akquise-Briefkasten\" target=\"_blank\" rel=\"noreferrer noopener\"><em><strong>passive Akquise<\/strong><\/em><\/a><\/p>\n\n\n\n<p><a rel=\"noreferrer noopener\" href=\"https:\/\/www.supersaas.de\/form\/Nasdala\/Akquise-Direkt\" target=\"_blank\"><strong><em>aktive Akquise<\/em><\/strong><\/a><\/p>\n\n\n\n<p><em><a href=\"https:\/\/www.supersaas.de\/form\/Nasdala\/Solarwatt\"><strong>PV-Anlage<\/strong><\/a><\/em><\/p>\n","protected":false},"excerpt":{"rendered":"<p>Gesch\u00e4ftsleitung: Silvio Nasdala; nasdala@warme-tec.de; 0178-8836002 Direkte Nachricht an den Gesch\u00e4ftsf\u00fchrer HIER! HIER\u2026.bisherige \u00d6l-Heizung HIER\u2026.bisherige Gas-Heizung HIER\u2026.bisherige Feststoffheizung HIER\u2026.bisherige Nachtspeicherheizung HIER \u2026. k\u00f6nnen Sie eine Heizk\u00f6rper-, Raumliste erstellen. Bauleitung: Ralf M\u00fchle; muehle@waerme-tec.de Direkte Nachricht an die Bauleitung HIER! Vertrieb: 03523-5369518; vertrieb@waerme-tec.de Direkte Nachricht an den Vertrieb HIER! Wartung \/ Reperatur: service1@waerme-tec.de; 0163-7330085 o. 0163-7330087 Direkte Nachricht [&hellip;]<\/p>\n","protected":false},"author":2,"featured_media":0,"parent":0,"menu_order":8,"comment_status":"closed","ping_status":"closed","template":"","meta":{"footnotes":""},"class_list":["post-15","page","type-page","status-publish","hentry"],"_links":{"self":[{"href":"https:\/\/www.70-28.de\/index.php?rest_route=\/wp\/v2\/pages\/15","targetHints":{"allow":["GET"]}}],"collection":[{"href":"https:\/\/www.70-28.de\/index.php?rest_route=\/wp\/v2\/pages"}],"about":[{"href":"https:\/\/www.70-28.de\/index.php?rest_route=\/wp\/v2\/types\/page"}],"author":[{"embeddable":true,"href":"https:\/\/www.70-28.de\/index.php?rest_route=\/wp\/v2\/users\/2"}],"replies":[{"embeddable":true,"href":"https:\/\/www.70-28.de\/index.php?rest_route=%2Fwp%2Fv2%2Fcomments&post=15"}],"version-history":[{"count":11,"href":"https:\/\/www.70-28.de\/index.php?rest_route=\/wp\/v2\/pages\/15\/revisions"}],"predecessor-version":[{"id":727,"href":"https:\/\/www.70-28.de\/index.php?rest_route=\/wp\/v2\/pages\/15\/revisions\/727"}],"wp:attachment":[{"href":"https:\/\/www.70-28.de\/index.php?rest_route=%2Fwp%2Fv2%2Fmedia&parent=15"}],"curies":[{"name":"wp","href":"https:\/\/api.w.org\/{rel}","templated":true}]}}