{"id":2,"date":"2016-05-10T03:48:21","date_gmt":"2016-05-10T03:48:21","guid":{"rendered":"http:\/\/70-28.de\/?page_id=2"},"modified":"2024-12-29T11:38:09","modified_gmt":"2024-12-29T11:38:09","slug":"sample-page","status":"publish","type":"page","link":"https:\/\/www.70-28.de\/","title":{"rendered":"W\u00e4rmetec GmbH"},"content":{"rendered":"\n<figure class=\"wp-block-gallery has-nested-images columns-default is-cropped wp-block-gallery-1 is-layout-flex wp-block-gallery-is-layout-flex\">\n<figure class=\"wp-block-image size-large\"><a href=\"https:\/\/www.70-28.de\/wp-content\/uploads\/2020\/04\/Werkhalle-3-scaled.jpg\"><img loading=\"lazy\" decoding=\"async\" width=\"1024\" height=\"297\" data-id=\"25\" src=\"https:\/\/www.70-28.de\/wp-content\/uploads\/2020\/04\/Werkhalle-3-1024x297.jpg\" alt=\"\" class=\"wp-image-25\" srcset=\"https:\/\/www.70-28.de\/wp-content\/uploads\/2020\/04\/Werkhalle-3-1024x297.jpg 1024w, https:\/\/www.70-28.de\/wp-content\/uploads\/2020\/04\/Werkhalle-3-300x87.jpg 300w, https:\/\/www.70-28.de\/wp-content\/uploads\/2020\/04\/Werkhalle-3-768x222.jpg 768w, https:\/\/www.70-28.de\/wp-content\/uploads\/2020\/04\/Werkhalle-3-1536x445.jpg 1536w, https:\/\/www.70-28.de\/wp-content\/uploads\/2020\/04\/Werkhalle-3-2048x593.jpg 2048w, https:\/\/www.70-28.de\/wp-content\/uploads\/2020\/04\/Werkhalle-3-1200x347.jpg 1200w, https:\/\/www.70-28.de\/wp-content\/uploads\/2020\/04\/Werkhalle-3-1980x573.jpg 1980w\" sizes=\"auto, (max-width: 1024px) 100vw, 1024px\" \/><\/a><figcaption class=\"wp-element-caption\">Betriebsgeb\u00e4ude<\/figcaption><\/figure>\n<figcaption class=\"blocks-gallery-caption wp-element-caption\">Unser Firmensitz! Zur Alten Elektrow\u00e4rme 6, 01640 Coswig, Tel. 03523-5369500;<br> <a href=\"https:\/\/www.waerme-tec.de\/\" target=\"_blank\" rel=\"noreferrer noopener\">www.waerme-tec.de<\/a><br><br><\/figcaption><\/figure>\n\n\n\n<h2 class=\"wp-block-heading has-accent-color has-text-color has-link-color wp-elements-3c5eae52d686b1b54a19c67ab54a50af\">Neuheit 2025<\/h2>\n\n\n\n<p class=\"has-accent-color has-text-color has-link-color wp-elements-258056baace9a09c7aaffa385686cc74\" style=\"font-size:43px\"><strong><a href=\"https:\/\/www.70-28.de\/?page_id=739\" data-type=\"page\" data-id=\"739\" target=\"_blank\" rel=\"noreferrer noopener\">DAIKIN Altherma 4 HS R290<\/a><\/strong><\/p>\n\n\n\n<h5 class=\"wp-block-heading has-primary-color has-text-color has-link-color wp-elements-4a6fe968bb0268abe8bc88335575d1d9\">Hervorstechendes Merkmal der DAIKIN Altherma 4 H ist die Vorlauftemperatur von&nbsp;<strong><mark style=\"background-color:rgba(0, 0, 0, 0)\" class=\"has-inline-color has-accent-color\">75 \u00b0C<\/mark>,<\/strong>&nbsp;was sie qualifiziert, in Bestandsgeb\u00e4uden mit Heizk\u00f6rper zum Einsatz zu kommen.<\/h5>\n\n\n\n<h5 class=\"wp-block-heading\">Spitzenwert bei der Jahreszeitlichen Raumheizeffizienz<\/h5>\n\n\n\n<h5 class=\"wp-block-heading\"><mark style=\"background-color:rgba(0, 0, 0, 0)\" class=\"has-inline-color has-accent-color\">SCOP bis 5,14<\/mark>&nbsp; ETAs 35 \u00b0C A+++ und&nbsp; bei 55\u00b0C  SCOP bis 4,04 bei  ETAs 35\u00b0C  A+++.<\/h5>\n\n\n\n<p><strong><a href=\"https:\/\/www.klima-privat.de\" target=\"_blank\" rel=\"noreferrer noopener\">Neu 2024! <\/a><\/strong><\/p>\n\n\n\n<p><strong><a href=\"https:\/\/www.klima-privat.de\" target=\"_blank\" rel=\"noreferrer noopener\">DAIKIN Nepura-Serie Luft-Luft-Klimaanlagen die bis -30\u00b0C Au\u00dfen heize<\/a><a href=\"https:\/\/www.klima-privat.de\">n k\u00f6nnen!<\/a><\/strong><\/p>\n\n\n\n<p><\/p>\n\n\n\n<div class=\"wp-block-group\"><div class=\"wp-block-group__inner-container is-layout-flow wp-block-group-is-layout-flow\">\n<h5>Auf diesen Seiten m\u00f6chten wir die neue Luft-Wasser-W\u00e4rmepumpen von <span style=\"color: #0000ff;\"><strong>DAIKIN<\/strong> <\/span>vorstellen.<\/h5>\n<h5>Hervorstechendes Merkmal der DAIKIN Altherma 3 H HT ist die Vorlauftemperatur von <span style=\"color: #ff0000;\"><strong>70 \u00b0C,<\/strong><\/span> was sie qualifiziert, in Bestandsgeb\u00e4uden mit Heizk\u00f6rper zum Einsatz zu kommen.<\/h5>\n<h5>Spitzenwert bei der Jahreszeitlichen Raumheizeffizienz<\/h5>\n<h5><span style=\"color: #0000ff;\">190 %<\/span>\u00a0 ETAs 35 \u00b0C A+++ und <span style=\"color: #0000ff;\">142 %<\/span> ETAs\u00a0 bei 55\u00b0C A++\u00a0 <a href=\"https:\/\/www.70-28.de\/wp-content\/uploads\/2021\/02\/BAFA-Mindestanforderungen.jpg\" target=\"_blank\" rel=\"noopener noreferrer\">BAFA Mindestanforderung<\/a> 135 % ETAs 35\u00b0C f\u00fcr Luft und 150% f\u00fcr Erdgekoppelte W\u00e4rmepumpen.<\/h5>\n<h5>Einfach \u00d6l- oder Gasheizung r\u00fcckbauen, neue 3 H HT 14 &#8211; 18 installieren, und schon erf\u00fcllt sie wie bisher die Heizaufgaben.<\/h5>\n<h5><a href=\"https:\/\/youtu.be\/GSWdPHqI0J0\" target=\"_blank\" rel=\"noopener\"><span style=\"color: #0000ff;\"><strong>Hier<\/strong><\/span><\/a> ein Film dazu!<\/h5>\n<h5>Falls Sie einen Wechsel planen, k\u00f6nnen Sie hier eine Anfrage direkt starten.<\/h5>\n<h5><span style=\"color: #800000;\"><strong><a href=\"https:\/\/www.supersaas.de\/form\/Nasdala\/Oel\" target=\"_blank\" rel=\"noopener\">HIER&#8230;.bisherige \u00d6l-Heizung<\/a> <br \/><\/strong><\/span><\/h5>\n<h5><span style=\"color: #800000;\"><strong><a href=\"https:\/\/www.supersaas.de\/form\/Nasdala\/Gas-Bestand\" target=\"_blank\" rel=\"noopener\">HIER&#8230;.bisherige Gas-Heizung<\/a> <br \/><\/strong><\/span><\/h5>\n<h5><span style=\"color: #993300;\"><a style=\"color: #993300;\" href=\"https:\/\/www.supersaas.de\/form\/Nasdala\/Feststoff-Bestand\" target=\"_blank\" rel=\"noopener\"><strong>HIER&#8230;.bisherige Feststoffheizung <\/strong><\/a><\/span><\/h5>\n<h5><span style=\"color: #800000;\"><strong><a href=\"https:\/\/www.supersaas.de\/form\/Nasdala\/Nachspeicherheizung\" target=\"_blank\" rel=\"noopener\">HIER&#8230;.bisherige Nachtspeicherheizung<\/a> <\/strong><\/span><\/h5>\n<h5><a href=\"https:\/\/www.supersaas.de\/form\/Nasdala\/HK-Liste\" target=\"_blank\" rel=\"noopener\">HIER &#8230;. k\u00f6nnen Sie eine Heizk\u00f6rper-, Raumliste erstellen.<\/a><\/h5>\n<h5>Wir kommen sehr gerne vorbei und beraten Sie kostenlos!<\/h5>\n<h5>Die Einsatzgrenze dieser Anlage ist bei <span style=\"color: #0000ff;\"><strong>-28 \u00b0C<\/strong> <\/span>Au\u00dfentemperatur was sie auch f\u00fcr kalte Regionen pr\u00e4destiniert.<\/h5>\n<h5>\u00a0<\/h5>\n<\/div><\/div>\n\n\n\n<p><strong>Was Sie von uns erwarten k\u00f6nnen\u2026.<\/strong><\/p>\n\n\n\n<ol class=\"wp-block-list\">\n<li><strong>kostenfreie Bestandsaufnahme vor Ort mit kostenfreier Beratung<\/strong><\/li>\n\n\n\n<li><strong>kostenfreie Angebotserstellung<\/strong><\/li>\n\n\n\n<li><strong>Unterst\u00fctzung beim KFW Antrag  und Erstellung BZA Nr.<\/strong><\/li>\n\n\n\n<li><strong>Stromantrag f\u00fcr Sondertarifz\u00e4hler<\/strong><\/li>\n\n\n\n<li><strong>Um- \/ Neubau des Z\u00e4hlerschrankes f\u00fcr den Z\u00e4hler<\/strong><\/li>\n\n\n\n<li><strong>R\u00fcckbau und sachgerechte Entsorgung der Altanlage<\/strong><\/li>\n\n\n\n<li><strong>bei \u00d6lheizung inklusive \u00dcbernahmeschein<\/strong><\/li>\n\n\n\n<li><strong>Anpassung der Heizk\u00f6rper, falls n\u00f6tig<\/strong><\/li>\n\n\n\n<li><strong>Im Sanierungsfall Fu\u00dfbodenheizung mit D\u00e4mmung und Estrich<\/strong><\/li>\n\n\n\n<li><strong>alle Durchbr\u00fcche (Kernl\u00f6cher) und das verschlie\u00dfen selbiger<\/strong><\/li>\n\n\n\n<li><strong>Bau des Au\u00dfenfundaments f\u00fcr das Au\u00dfenteil<\/strong><\/li>\n\n\n\n<li><strong>Lieferung und Montage der DAIKIN Komponenten<\/strong><\/li>\n\n\n\n<li><strong>Inbetriebnahme<\/strong><\/li>\n\n\n\n<li><strong>KFW Abschlu\u00dfabrechnung<\/strong><\/li>\n\n\n\n<li><strong>Qualit\u00e4tscheck ein Jahr nach Inbetriebnahme<\/strong><\/li>\n\n\n\n<li><strong>Wartungen \/ Service<\/strong><\/li>\n<\/ol>\n\n\n\n<p><strong>Zum 01.01.2023 \u00e4ndern wir nach 25 Jahren unseren Namen von L\u00fcumel auf W\u00e4rmetec GmbH.<\/strong> L\u00fcumel war damals aus <mark style=\"background-color:rgba(0, 0, 0, 0)\" class=\"has-inline-color has-accent-color\"><strong>L\u00fc<\/strong><\/mark>ftung, <mark style=\"background-color:rgba(0, 0, 0, 0)\" class=\"has-inline-color has-accent-color\"><strong>Um<\/strong><\/mark>welt, <mark style=\"background-color:rgba(0, 0, 0, 0)\" class=\"has-inline-color has-accent-color\"><strong>El<\/strong><\/mark>ektro entsprungen. Da wir heute zu 99% W\u00e4rmepumpen errichten, ist W\u00e4rmetec passender. Schon damals bauten wir W\u00e4rmepumpen (Direktverdampfung\/Direktkondensation) aber auch L\u00fcftungsanlagen und Solarthermieanlagen.<\/p>\n\n\n\n<p><strong>Wir suchen dringen Auszubildende und Mitarbeiter!<\/strong><\/p>\n","protected":false},"excerpt":{"rendered":"<p>Neuheit 2025 DAIKIN Altherma 4 HS R290 Hervorstechendes Merkmal der DAIKIN Altherma 4 H ist die Vorlauftemperatur von&nbsp;75 \u00b0C,&nbsp;was sie qualifiziert, in Bestandsgeb\u00e4uden mit Heizk\u00f6rper zum Einsatz zu kommen. Spitzenwert bei der Jahreszeitlichen Raumheizeffizienz SCOP bis 5,14&nbsp; ETAs 35 \u00b0C A+++ und&nbsp; bei 55\u00b0C SCOP bis 4,04 bei ETAs 35\u00b0C A+++. Neu 2024! DAIKIN Nepura-Serie [&hellip;]<\/p>\n","protected":false},"author":1,"featured_media":0,"parent":0,"menu_order":0,"comment_status":"closed","ping_status":"open","template":"","meta":{"footnotes":""},"class_list":["post-2","page","type-page","status-publish","hentry"],"_links":{"self":[{"href":"https:\/\/www.70-28.de\/index.php?rest_route=\/wp\/v2\/pages\/2","targetHints":{"allow":["GET"]}}],"collection":[{"href":"https:\/\/www.70-28.de\/index.php?rest_route=\/wp\/v2\/pages"}],"about":[{"href":"https:\/\/www.70-28.de\/index.php?rest_route=\/wp\/v2\/types\/page"}],"author":[{"embeddable":true,"href":"https:\/\/www.70-28.de\/index.php?rest_route=\/wp\/v2\/users\/1"}],"replies":[{"embeddable":true,"href":"https:\/\/www.70-28.de\/index.php?rest_route=%2Fwp%2Fv2%2Fcomments&post=2"}],"version-history":[{"count":62,"href":"https:\/\/www.70-28.de\/index.php?rest_route=\/wp\/v2\/pages\/2\/revisions"}],"predecessor-version":[{"id":757,"href":"https:\/\/www.70-28.de\/index.php?rest_route=\/wp\/v2\/pages\/2\/revisions\/757"}],"wp:attachment":[{"href":"https:\/\/www.70-28.de\/index.php?rest_route=%2Fwp%2Fv2%2Fmedia&parent=2"}],"curies":[{"name":"wp","href":"https:\/\/api.w.org\/{rel}","templated":true}]}}