{"id":204,"date":"2020-04-25T12:37:50","date_gmt":"2020-04-25T12:37:50","guid":{"rendered":"http:\/\/www.70-28.de\/?page_id=204"},"modified":"2021-02-20T10:31:38","modified_gmt":"2021-02-20T10:31:38","slug":"luft-wasser-daikin-altherma-hh-t-serie","status":"publish","type":"page","link":"https:\/\/www.70-28.de\/?page_id=204","title":{"rendered":"DAIKIN Altherma 3 HH T Serie 14 &#8211; 18 kW"},"content":{"rendered":"\n<p><a href=\"https:\/\/www.70-28.de\/?page_id=18\" target=\"_blank\" rel=\"noreferrer noopener\">Au\u00dfenger\u00e4t<\/a><\/p>\n\n\n\n<p><a href=\"https:\/\/www.70-28.de\/?page_id=49\" target=\"_blank\" rel=\"noreferrer noopener\">Innenger\u00e4t 3 H HT F<\/a><\/p>\n\n\n\n<p><a href=\"https:\/\/www.70-28.de\/?page_id=56\" target=\"_blank\" rel=\"noreferrer noopener\">Innenger\u00e4t 3 H HT ECH2O<\/a><\/p>\n\n\n\n<p><a href=\"https:\/\/www.70-28.de\/?page_id=58\" target=\"_blank\" rel=\"noreferrer noopener\">Innenger\u00e4t 3 H HT W<\/a><\/p>\n","protected":false},"excerpt":{"rendered":"<p>Au\u00dfenger\u00e4t Innenger\u00e4t 3 H HT F Innenger\u00e4t 3 H HT ECH2O Innenger\u00e4t 3 H HT W<\/p>\n","protected":false},"author":3,"featured_media":0,"parent":0,"menu_order":2,"comment_status":"closed","ping_status":"closed","template":"","meta":{"footnotes":""},"class_list":["post-204","page","type-page","status-publish","hentry"],"_links":{"self":[{"href":"https:\/\/www.70-28.de\/index.php?rest_route=\/wp\/v2\/pages\/204","targetHints":{"allow":["GET"]}}],"collection":[{"href":"https:\/\/www.70-28.de\/index.php?rest_route=\/wp\/v2\/pages"}],"about":[{"href":"https:\/\/www.70-28.de\/index.php?rest_route=\/wp\/v2\/types\/page"}],"author":[{"embeddable":true,"href":"https:\/\/www.70-28.de\/index.php?rest_route=\/wp\/v2\/users\/3"}],"replies":[{"embeddable":true,"href":"https:\/\/www.70-28.de\/index.php?rest_route=%2Fwp%2Fv2%2Fcomments&post=204"}],"version-history":[{"count":12,"href":"https:\/\/www.70-28.de\/index.php?rest_route=\/wp\/v2\/pages\/204\/revisions"}],"predecessor-version":[{"id":220,"href":"https:\/\/www.70-28.de\/index.php?rest_route=\/wp\/v2\/pages\/204\/revisions\/220"}],"wp:attachment":[{"href":"https:\/\/www.70-28.de\/index.php?rest_route=%2Fwp%2Fv2%2Fmedia&parent=204"}],"curies":[{"name":"wp","href":"https:\/\/api.w.org\/{rel}","templated":true}]}}