{"id":261,"date":"2020-05-21T07:43:11","date_gmt":"2020-05-21T07:43:11","guid":{"rendered":"http:\/\/www.70-28.de\/?page_id=261"},"modified":"2020-06-01T08:27:31","modified_gmt":"2020-06-01T08:27:31","slug":"lan-adapter","status":"publish","type":"page","link":"https:\/\/www.70-28.de\/?page_id=261","title":{"rendered":"LAN-Adapter"},"content":{"rendered":"\n<figure class=\"wp-block-gallery columns-2 is-cropped wp-block-gallery-1 is-layout-flex wp-block-gallery-is-layout-flex\"><ul class=\"blocks-gallery-grid\"><li class=\"blocks-gallery-item\"><figure><a href=\"https:\/\/www.70-28.de\/wp-content\/uploads\/2020\/05\/LAN-Adapter-Schaltplan.jpg\"><img loading=\"lazy\" decoding=\"async\" width=\"722\" height=\"1024\" src=\"https:\/\/www.70-28.de\/wp-content\/uploads\/2020\/05\/LAN-Adapter-Schaltplan-722x1024.jpg\" alt=\"\" data-id=\"262\" data-full-url=\"https:\/\/www.70-28.de\/wp-content\/uploads\/2020\/05\/LAN-Adapter-Schaltplan.jpg\" data-link=\"https:\/\/www.70-28.de\/?attachment_id=262\" class=\"wp-image-262\" srcset=\"https:\/\/www.70-28.de\/wp-content\/uploads\/2020\/05\/LAN-Adapter-Schaltplan-722x1024.jpg 722w, https:\/\/www.70-28.de\/wp-content\/uploads\/2020\/05\/LAN-Adapter-Schaltplan-212x300.jpg 212w, https:\/\/www.70-28.de\/wp-content\/uploads\/2020\/05\/LAN-Adapter-Schaltplan-768x1089.jpg 768w, https:\/\/www.70-28.de\/wp-content\/uploads\/2020\/05\/LAN-Adapter-Schaltplan-1083x1536.jpg 1083w, https:\/\/www.70-28.de\/wp-content\/uploads\/2020\/05\/LAN-Adapter-Schaltplan-1444x2048.jpg 1444w, https:\/\/www.70-28.de\/wp-content\/uploads\/2020\/05\/LAN-Adapter-Schaltplan-1200x1702.jpg 1200w, https:\/\/www.70-28.de\/wp-content\/uploads\/2020\/05\/LAN-Adapter-Schaltplan.jpg 1722w\" sizes=\"auto, (max-width: 722px) 100vw, 722px\" \/><\/a><\/figure><\/li><li class=\"blocks-gallery-item\"><figure><a href=\"https:\/\/www.70-28.de\/wp-content\/uploads\/2020\/05\/LAn-Adapter.png\"><img loading=\"lazy\" decoding=\"async\" width=\"600\" height=\"435\" src=\"https:\/\/www.70-28.de\/wp-content\/uploads\/2020\/05\/LAn-Adapter.png\" alt=\"\" data-id=\"263\" data-full-url=\"https:\/\/www.70-28.de\/wp-content\/uploads\/2020\/05\/LAn-Adapter.png\" data-link=\"https:\/\/www.70-28.de\/?attachment_id=263\" class=\"wp-image-263\" srcset=\"https:\/\/www.70-28.de\/wp-content\/uploads\/2020\/05\/LAn-Adapter.png 600w, https:\/\/www.70-28.de\/wp-content\/uploads\/2020\/05\/LAn-Adapter-300x218.png 300w\" sizes=\"auto, (max-width: 600px) 100vw, 600px\" \/><\/a><\/figure><\/li><\/ul><\/figure>\n\n\n\n<h3 class=\"wp-block-heading\" id=\"p__features_anchor\">Produkteigenschaften<\/h3>\n\n\n\n<ul class=\"wp-block-list\"><li>Online-Controller: Steuern Sie Ihr Heizungs- und Warmwassersystem von jedem Ort aus mit einer App \u00fcber Ihr lokales Netzwerk oder Internet<\/li><li>M\u00f6glichkeit zur Kontrolle \u00fcber mehrere Einheitenstandorte<\/li><li>\u00dcberwachen Sie Ihren Energieverbrauch t\u00e4glich, w\u00f6chentlich oder j\u00e4hrlich und konsultieren Sie die Energieverbrauchsdiagramme. Stellen Sie Ihren Urlaubsplan ein, wenn Sie l\u00e4ngere Zeit abwesend sind.<\/li><li>\u00dcberblick \u00fcber Warmwasserspeichertemperatur<\/li><li>Einstellen von Zeitschaltpl\u00e4nen<\/li><li>Ansicht und manuelles Bearbeiten der Raumsolltemperatur<\/li><li>Pr\u00fcfen der Wetterbedingungen und -prognosen am Ger\u00e4testandort<\/li><li>Fernerkennung von Ausf\u00e4llen<\/li><li>Anschluss an Photovoltaik-Solarmodule zur Optimierung des Eigenverbrauchs des erzeugten Stroms<\/li><li>Integration von Produkten und Dienstleistungen von Drittanbietern \u00fcber FTTT<\/li><\/ul>\n\n\n\n<ul class=\"wp-block-list\"><li><img loading=\"lazy\" decoding=\"async\" src=\"https:\/\/my.daikin.eu\/content\/dam\/MDM\/Pictograms\/Online_controller_blue_picto.jpg\/_jcr_content\/renditions\/cq5dam.thumbnail.140.100.png\" alt=\"Online-Regler \u00fcber App\" width=\"50\" height=\"49\"> Online-Regler \u00fcber App Regeln Ihres Innenger\u00e4ts \u00fcber App von jedem Standort aus<\/li><\/ul>\n\n\n\n<p>Die Installationsanleitung <a rel=\"noreferrer noopener\" href=\"https:\/\/www.70-28.de\/wp-content\/uploads\/2020\/05\/LAN-Adapter_Installation-manual_German.pdf\" target=\"_blank\">HIER!<\/a><\/p>\n\n\n\n<p>Das Referenzhandbuch f\u00fcr den Monteur <a href=\"https:\/\/www.70-28.de\/wp-content\/uploads\/2020\/05\/LAN-Adapter_Mpnteur-Referenzhandbuch.pdf\" target=\"_blank\" rel=\"noreferrer noopener\">HIER!<\/a><\/p>\n","protected":false},"excerpt":{"rendered":"<p>Produkteigenschaften Online-Controller: Steuern Sie Ihr Heizungs- und Warmwassersystem von jedem Ort aus mit einer App \u00fcber Ihr lokales Netzwerk oder Internet M\u00f6glichkeit zur Kontrolle \u00fcber mehrere Einheitenstandorte \u00dcberwachen Sie Ihren Energieverbrauch t\u00e4glich, w\u00f6chentlich oder j\u00e4hrlich und konsultieren Sie die Energieverbrauchsdiagramme. Stellen Sie Ihren Urlaubsplan ein, wenn Sie l\u00e4ngere Zeit abwesend sind. \u00dcberblick \u00fcber Warmwasserspeichertemperatur Einstellen [&hellip;]<\/p>\n","protected":false},"author":3,"featured_media":0,"parent":204,"menu_order":6,"comment_status":"closed","ping_status":"closed","template":"","meta":{"footnotes":""},"class_list":["post-261","page","type-page","status-publish","hentry"],"_links":{"self":[{"href":"https:\/\/www.70-28.de\/index.php?rest_route=\/wp\/v2\/pages\/261","targetHints":{"allow":["GET"]}}],"collection":[{"href":"https:\/\/www.70-28.de\/index.php?rest_route=\/wp\/v2\/pages"}],"about":[{"href":"https:\/\/www.70-28.de\/index.php?rest_route=\/wp\/v2\/types\/page"}],"author":[{"embeddable":true,"href":"https:\/\/www.70-28.de\/index.php?rest_route=\/wp\/v2\/users\/3"}],"replies":[{"embeddable":true,"href":"https:\/\/www.70-28.de\/index.php?rest_route=%2Fwp%2Fv2%2Fcomments&post=261"}],"version-history":[{"count":2,"href":"https:\/\/www.70-28.de\/index.php?rest_route=\/wp\/v2\/pages\/261\/revisions"}],"predecessor-version":[{"id":309,"href":"https:\/\/www.70-28.de\/index.php?rest_route=\/wp\/v2\/pages\/261\/revisions\/309"}],"up":[{"embeddable":true,"href":"https:\/\/www.70-28.de\/index.php?rest_route=\/wp\/v2\/pages\/204"}],"wp:attachment":[{"href":"https:\/\/www.70-28.de\/index.php?rest_route=%2Fwp%2Fv2%2Fmedia&parent=261"}],"curies":[{"name":"wp","href":"https:\/\/api.w.org\/{rel}","templated":true}]}}