{"id":369,"date":"2021-02-20T10:29:01","date_gmt":"2021-02-20T10:29:01","guid":{"rendered":"http:\/\/www.70-28.de\/?page_id=369"},"modified":"2022-12-05T07:21:38","modified_gmt":"2022-12-05T07:21:38","slug":"daikin-altherma-3-m-serie-9-11-14-und-16-kw-die-kompakte","status":"publish","type":"page","link":"https:\/\/www.70-28.de\/?page_id=369","title":{"rendered":"DAIKIN Altherma 3 M Serie 4 bis 16 kW"},"content":{"rendered":"\n<p><a href=\"https:\/\/www.70-28.de\/?page_id=375\" data-type=\"URL\" data-id=\"https:\/\/www.70-28.de\/?page_id=375\" target=\"_blank\" rel=\"noreferrer noopener\">Au\u00dfenger\u00e4t 4-8 kW<\/a><\/p>\n\n\n\n<p><a rel=\"noreferrer noopener\" href=\"http:\/\/70-28.de\/?page_id=376\" data-type=\"URL\" data-id=\"70-28.de\/?page_id=376\" target=\"_blank\">Au\u00dfenger\u00e4t 9-16 kW<\/a><\/p>\n\n\n\n<p><a rel=\"noreferrer noopener\" href=\"https:\/\/www.70-28.de\/wp-content\/uploads\/2021\/02\/tw.jpg\" target=\"_blank\">Brauchwasser  TW-Speicher<\/a> + <a href=\"https:\/\/www.70-28.de\/wp-content\/uploads\/2021\/02\/EKHWS-BA3V3Z2_4PDE610547-1_2020_01_Installation-manual_German.pdf\" target=\"_blank\" rel=\"noreferrer noopener\">Handbuch<\/a><\/p>\n\n\n\n<p>Innenger\u00e4t Bi-ST-Speicher zur Integration weiterer Heizquellen und f\u00fcr Brauchwasser.<\/p>\n","protected":false},"excerpt":{"rendered":"<p>Au\u00dfenger\u00e4t 4-8 kW Au\u00dfenger\u00e4t 9-16 kW Brauchwasser TW-Speicher + Handbuch Innenger\u00e4t Bi-ST-Speicher zur Integration weiterer Heizquellen und f\u00fcr Brauchwasser.<\/p>\n","protected":false},"author":3,"featured_media":0,"parent":0,"menu_order":4,"comment_status":"closed","ping_status":"closed","template":"","meta":{"footnotes":""},"class_list":["post-369","page","type-page","status-publish","hentry"],"_links":{"self":[{"href":"https:\/\/www.70-28.de\/index.php?rest_route=\/wp\/v2\/pages\/369","targetHints":{"allow":["GET"]}}],"collection":[{"href":"https:\/\/www.70-28.de\/index.php?rest_route=\/wp\/v2\/pages"}],"about":[{"href":"https:\/\/www.70-28.de\/index.php?rest_route=\/wp\/v2\/types\/page"}],"author":[{"embeddable":true,"href":"https:\/\/www.70-28.de\/index.php?rest_route=\/wp\/v2\/users\/3"}],"replies":[{"embeddable":true,"href":"https:\/\/www.70-28.de\/index.php?rest_route=%2Fwp%2Fv2%2Fcomments&post=369"}],"version-history":[{"count":8,"href":"https:\/\/www.70-28.de\/index.php?rest_route=\/wp\/v2\/pages\/369\/revisions"}],"predecessor-version":[{"id":681,"href":"https:\/\/www.70-28.de\/index.php?rest_route=\/wp\/v2\/pages\/369\/revisions\/681"}],"wp:attachment":[{"href":"https:\/\/www.70-28.de\/index.php?rest_route=%2Fwp%2Fv2%2Fmedia&parent=369"}],"curies":[{"name":"wp","href":"https:\/\/api.w.org\/{rel}","templated":true}]}}