{"id":376,"date":"2021-02-20T11:58:06","date_gmt":"2021-02-20T11:58:06","guid":{"rendered":"http:\/\/www.70-28.de\/?page_id=376"},"modified":"2023-10-19T12:29:17","modified_gmt":"2023-10-19T12:29:17","slug":"aussengeraet-daikin-altherma-3m","status":"publish","type":"page","link":"https:\/\/www.70-28.de\/?page_id=376","title":{"rendered":"Au\u00dfenger\u00e4t DAIKIN Altherma 3M 9-16 kW"},"content":{"rendered":"\n<p style=\"font-size:31px\"><strong>Die &#8222;KOMPAKTE&#8220; ben\u00f6tigt kein Innenger\u00e4t!<\/strong><\/p>\n\n\n\n<p>F\u00fcr das Brauchwasser k\u00f6nnen Platz-sparende <a rel=\"noreferrer noopener\" href=\"https:\/\/www.70-28.de\/wp-content\/uploads\/2020\/08\/edelstahlspeicher-.jpg\" target=\"_blank\">Edelstahlspeicher<\/a> verwendet werden. Technische Daten <a rel=\"noreferrer noopener\" href=\"https:\/\/www.70-28.de\/wp-content\/uploads\/2020\/08\/edelstahlspeicher-f\u00fcr-HHTW-scaled.jpg\" target=\"_blank\">Hier!<\/a><\/p>\n\n\n\n<p>Gibt es weitere W\u00e4rmequellen wie z.B. eine <a rel=\"noreferrer noopener\" href=\"https:\/\/www.70-28.de\/wp-content\/uploads\/2021\/02\/STSolar.jpg\" target=\"_blank\">thermische Solaranlage<\/a> oder ein Holzkessel, verwenden wir hierzu die <a rel=\"noreferrer noopener\" href=\"https:\/\/www.70-28.de\/wp-content\/uploads\/2021\/02\/ST.jpg\" target=\"_blank\">Bi-ST-Speicher<\/a>. <\/p>\n\n\n\n<p>Techische Daten ST-Bi-Speicher <a href=\"https:\/\/www.70-28.de\/wp-content\/uploads\/2021\/02\/ST-techn-D..jpg\" target=\"_blank\" rel=\"noreferrer noopener\">Hier!<\/a><\/p>\n\n\n\n<p><\/p>\n\n\n\n<figure class=\"wp-block-gallery has-nested-images columns-4 is-cropped wp-block-gallery-1 is-layout-flex wp-block-gallery-is-layout-flex\">\n<figure class=\"wp-block-image size-large\"><a href=\"https:\/\/www.70-28.de\/wp-content\/uploads\/2021\/02\/M-Bild-6.jpg\"><img loading=\"lazy\" decoding=\"async\" width=\"1024\" height=\"944\" data-id=\"383\" src=\"https:\/\/www.70-28.de\/wp-content\/uploads\/2021\/02\/M-Bild-6-1024x944.jpg\" alt=\"\" class=\"wp-image-383\" srcset=\"https:\/\/www.70-28.de\/wp-content\/uploads\/2021\/02\/M-Bild-6-1024x944.jpg 1024w, https:\/\/www.70-28.de\/wp-content\/uploads\/2021\/02\/M-Bild-6-300x277.jpg 300w, https:\/\/www.70-28.de\/wp-content\/uploads\/2021\/02\/M-Bild-6-768x708.jpg 768w, https:\/\/www.70-28.de\/wp-content\/uploads\/2021\/02\/M-Bild-6-1536x1416.jpg 1536w, https:\/\/www.70-28.de\/wp-content\/uploads\/2021\/02\/M-Bild-6-1200x1106.jpg 1200w, https:\/\/www.70-28.de\/wp-content\/uploads\/2021\/02\/M-Bild-6.jpg 1562w\" sizes=\"auto, (max-width: 1024px) 100vw, 1024px\" \/><\/a><\/figure>\n\n\n\n<figure class=\"wp-block-image size-large\"><a href=\"https:\/\/www.70-28.de\/wp-content\/uploads\/2021\/02\/M-Bild-5-scaled.jpg\"><img loading=\"lazy\" decoding=\"async\" width=\"1024\" height=\"735\" data-id=\"382\" src=\"https:\/\/www.70-28.de\/wp-content\/uploads\/2021\/02\/M-Bild-5-1024x735.jpg\" alt=\"\" class=\"wp-image-382\" srcset=\"https:\/\/www.70-28.de\/wp-content\/uploads\/2021\/02\/M-Bild-5-1024x735.jpg 1024w, https:\/\/www.70-28.de\/wp-content\/uploads\/2021\/02\/M-Bild-5-300x215.jpg 300w, https:\/\/www.70-28.de\/wp-content\/uploads\/2021\/02\/M-Bild-5-768x551.jpg 768w, https:\/\/www.70-28.de\/wp-content\/uploads\/2021\/02\/M-Bild-5-1536x1102.jpg 1536w, https:\/\/www.70-28.de\/wp-content\/uploads\/2021\/02\/M-Bild-5-2048x1469.jpg 2048w, https:\/\/www.70-28.de\/wp-content\/uploads\/2021\/02\/M-Bild-5-1200x861.jpg 1200w, https:\/\/www.70-28.de\/wp-content\/uploads\/2021\/02\/M-Bild-5-1980x1421.jpg 1980w\" sizes=\"auto, (max-width: 1024px) 100vw, 1024px\" \/><\/a><\/figure>\n\n\n\n<figure class=\"wp-block-image size-large\"><a href=\"https:\/\/www.70-28.de\/wp-content\/uploads\/2021\/02\/M-Bild-3.jpg\"><img loading=\"lazy\" decoding=\"async\" width=\"1024\" height=\"905\" data-id=\"380\" src=\"https:\/\/www.70-28.de\/wp-content\/uploads\/2021\/02\/M-Bild-3-1024x905.jpg\" alt=\"\" class=\"wp-image-380\" srcset=\"https:\/\/www.70-28.de\/wp-content\/uploads\/2021\/02\/M-Bild-3-1024x905.jpg 1024w, https:\/\/www.70-28.de\/wp-content\/uploads\/2021\/02\/M-Bild-3-300x265.jpg 300w, https:\/\/www.70-28.de\/wp-content\/uploads\/2021\/02\/M-Bild-3-768x679.jpg 768w, https:\/\/www.70-28.de\/wp-content\/uploads\/2021\/02\/M-Bild-3.jpg 1036w\" sizes=\"auto, (max-width: 1024px) 100vw, 1024px\" \/><\/a><\/figure>\n\n\n\n<figure class=\"wp-block-image size-large\"><a href=\"https:\/\/www.70-28.de\/wp-content\/uploads\/2021\/02\/M-Bild-4-scaled.jpg\"><img loading=\"lazy\" decoding=\"async\" width=\"1024\" height=\"470\" data-id=\"381\" src=\"https:\/\/www.70-28.de\/wp-content\/uploads\/2021\/02\/M-Bild-4-1024x470.jpg\" alt=\"\" class=\"wp-image-381\" srcset=\"https:\/\/www.70-28.de\/wp-content\/uploads\/2021\/02\/M-Bild-4-1024x470.jpg 1024w, https:\/\/www.70-28.de\/wp-content\/uploads\/2021\/02\/M-Bild-4-300x138.jpg 300w, https:\/\/www.70-28.de\/wp-content\/uploads\/2021\/02\/M-Bild-4-768x352.jpg 768w, https:\/\/www.70-28.de\/wp-content\/uploads\/2021\/02\/M-Bild-4-1536x705.jpg 1536w, https:\/\/www.70-28.de\/wp-content\/uploads\/2021\/02\/M-Bild-4-2048x940.jpg 2048w, https:\/\/www.70-28.de\/wp-content\/uploads\/2021\/02\/M-Bild-4-1200x551.jpg 1200w, https:\/\/www.70-28.de\/wp-content\/uploads\/2021\/02\/M-Bild-4-1980x909.jpg 1980w\" sizes=\"auto, (max-width: 1024px) 100vw, 1024px\" \/><\/a><\/figure>\n<\/figure>\n\n\n\n<p><strong>Hohe Leistungsf\u00e4higkeit<\/strong><\/p>\n\n\n\n<ul class=\"wp-block-list\">\n<li>Die DAIKIN Altherma 3 M erreicht Vorlauftemperaturen von bis zu 55 \u00b0C.<\/li>\n\n\n\n<li>Mit ihrem unverkennbaren Markenzeichen, der Frostunempfindlichkeit<\/li>\n\n\n\n<li>bis -25 \u00b0C, arbeitet sie selbst in den k\u00e4ltesten Klimazonen zuverl\u00e4ssig.<\/li>\n\n\n\n<li>H\u00f6chstleistung durch optimalen Einsatz der Invertertechnologie:<\/li>\n\n\n\n<li>Saisonale Effizienz bis zu A+++<\/li>\n\n\n\n<li>Heizeffi zienz: COP von bis zu 4,87 (bei 7 \u00b0C \/ 35 \u00b0C)<br>\u203a Leistungsmodulierender Betrieb, Inverter-Technologie<br>\u203a In Baugr\u00f6\u00dfen 9, 11, 14 und 16 erh\u00e4ltlich, Leistungsabgabe 6 &#8211; 19 kW<br>\u203a Comfort 365: f\u00fcr Heizen, K\u00fchlen und Warmwasser<br>\u203a Integrierte Reserveheizung mit 3 kW<br>\u203a Smart-Grid-Ready Funktion<\/li>\n<\/ul>\n\n\n\n<p><strong>Technische Daten<\/strong><\/p>\n\n\n\n<figure class=\"wp-block-image size-large\"><a href=\"https:\/\/www.70-28.de\/wp-content\/uploads\/2021\/02\/M-Techn.Daten_-scaled.jpg\" target=\"_blank\" rel=\"https:\/\/www.70-28.de\/wp-content\/uploads\/2021\/02\/M-Techn.Daten_-scaled.jpg noopener\"><img loading=\"lazy\" decoding=\"async\" width=\"838\" height=\"1024\" src=\"https:\/\/www.70-28.de\/wp-content\/uploads\/2021\/02\/M-Techn.Daten_-838x1024.jpg\" alt=\"\" class=\"wp-image-386\" srcset=\"https:\/\/www.70-28.de\/wp-content\/uploads\/2021\/02\/M-Techn.Daten_-838x1024.jpg 838w, https:\/\/www.70-28.de\/wp-content\/uploads\/2021\/02\/M-Techn.Daten_-246x300.jpg 246w, https:\/\/www.70-28.de\/wp-content\/uploads\/2021\/02\/M-Techn.Daten_-768x938.jpg 768w, https:\/\/www.70-28.de\/wp-content\/uploads\/2021\/02\/M-Techn.Daten_-1257x1536.jpg 1257w, https:\/\/www.70-28.de\/wp-content\/uploads\/2021\/02\/M-Techn.Daten_-1676x2048.jpg 1676w, https:\/\/www.70-28.de\/wp-content\/uploads\/2021\/02\/M-Techn.Daten_-1200x1466.jpg 1200w, https:\/\/www.70-28.de\/wp-content\/uploads\/2021\/02\/M-Techn.Daten_-1980x2419.jpg 1980w\" sizes=\"auto, (max-width: 838px) 100vw, 838px\" \/><\/a><\/figure>\n\n\n\n<p><strong>Jahreszeitliche Raumheizeffizienz<\/strong><\/p>\n\n\n\n<figure class=\"wp-block-image size-full\"><a href=\"https:\/\/www.70-28.de\/wp-content\/uploads\/2021\/02\/M-ETAs.jpg\" target=\"_blank\" rel=\"https:\/\/www.70-28.de\/wp-content\/uploads\/2021\/02\/M-ETAs.jpg noopener\"><img loading=\"lazy\" decoding=\"async\" width=\"2160\" height=\"1036\" src=\"https:\/\/www.70-28.de\/wp-content\/uploads\/2021\/02\/M-ETAs.jpg\" alt=\"\" class=\"wp-image-385\" srcset=\"https:\/\/www.70-28.de\/wp-content\/uploads\/2021\/02\/M-ETAs.jpg 2160w, https:\/\/www.70-28.de\/wp-content\/uploads\/2021\/02\/M-ETAs-300x144.jpg 300w, https:\/\/www.70-28.de\/wp-content\/uploads\/2021\/02\/M-ETAs-1024x491.jpg 1024w, https:\/\/www.70-28.de\/wp-content\/uploads\/2021\/02\/M-ETAs-768x368.jpg 768w, https:\/\/www.70-28.de\/wp-content\/uploads\/2021\/02\/M-ETAs-1536x737.jpg 1536w, https:\/\/www.70-28.de\/wp-content\/uploads\/2021\/02\/M-ETAs-2048x982.jpg 2048w, https:\/\/www.70-28.de\/wp-content\/uploads\/2021\/02\/M-ETAs-1200x576.jpg 1200w, https:\/\/www.70-28.de\/wp-content\/uploads\/2021\/02\/M-ETAs-1980x950.jpg 1980w\" sizes=\"auto, (max-width: 2160px) 100vw, 2160px\" \/><\/a><\/figure>\n\n\n\n<p>Installationsanleitung <a rel=\"noreferrer noopener\" href=\"https:\/\/www.70-28.de\/wp-content\/uploads\/2021\/08\/EDLA09-16D3V3EDLA09-16D3W1EBLA09-16D3V3EBLA09-16D3W1_4PDE620239-1_Installation-manual_German.pdf\" data-type=\"URL\" data-id=\"https:\/\/www.70-28.de\/wp-content\/uploads\/2021\/08\/EDLA09-16D3V3EDLA09-16D3W1EBLA09-16D3V3EBLA09-16D3W1_4PDE620239-1_Installation-manual_German.pdf\" target=\"_blank\">HIER!<\/a><\/p>\n\n\n\n<p>Bedienungsanleitung <a rel=\"noreferrer noopener\" href=\"https:\/\/www.70-28.de\/wp-content\/uploads\/2021\/08\/EBLA09-16DV3W1EDLA09-16DV3W1_4PDE620243-1_Operation-manual_German.pdf\" data-type=\"URL\" data-id=\"https:\/\/www.70-28.de\/wp-content\/uploads\/2021\/08\/EBLA09-16DV3W1EDLA09-16DV3W1_4PDE620243-1_Operation-manual_German.pdf\" target=\"_blank\">HIER!<\/a><\/p>\n\n\n\n<p><\/p>\n","protected":false},"excerpt":{"rendered":"<p>Die &#8222;KOMPAKTE&#8220; ben\u00f6tigt kein Innenger\u00e4t! F\u00fcr das Brauchwasser k\u00f6nnen Platz-sparende Edelstahlspeicher verwendet werden. Technische Daten Hier! Gibt es weitere W\u00e4rmequellen wie z.B. eine thermische Solaranlage oder ein Holzkessel, verwenden wir hierzu die Bi-ST-Speicher. Techische Daten ST-Bi-Speicher Hier! Hohe Leistungsf\u00e4higkeit Technische Daten Jahreszeitliche Raumheizeffizienz Installationsanleitung HIER! Bedienungsanleitung HIER!<\/p>\n","protected":false},"author":3,"featured_media":0,"parent":369,"menu_order":2,"comment_status":"closed","ping_status":"closed","template":"","meta":{"footnotes":""},"class_list":["post-376","page","type-page","status-publish","hentry"],"_links":{"self":[{"href":"https:\/\/www.70-28.de\/index.php?rest_route=\/wp\/v2\/pages\/376","targetHints":{"allow":["GET"]}}],"collection":[{"href":"https:\/\/www.70-28.de\/index.php?rest_route=\/wp\/v2\/pages"}],"about":[{"href":"https:\/\/www.70-28.de\/index.php?rest_route=\/wp\/v2\/types\/page"}],"author":[{"embeddable":true,"href":"https:\/\/www.70-28.de\/index.php?rest_route=\/wp\/v2\/users\/3"}],"replies":[{"embeddable":true,"href":"https:\/\/www.70-28.de\/index.php?rest_route=%2Fwp%2Fv2%2Fcomments&post=376"}],"version-history":[{"count":17,"href":"https:\/\/www.70-28.de\/index.php?rest_route=\/wp\/v2\/pages\/376\/revisions"}],"predecessor-version":[{"id":713,"href":"https:\/\/www.70-28.de\/index.php?rest_route=\/wp\/v2\/pages\/376\/revisions\/713"}],"up":[{"embeddable":true,"href":"https:\/\/www.70-28.de\/index.php?rest_route=\/wp\/v2\/pages\/369"}],"wp:attachment":[{"href":"https:\/\/www.70-28.de\/index.php?rest_route=%2Fwp%2Fv2%2Fmedia&parent=376"}],"curies":[{"name":"wp","href":"https:\/\/api.w.org\/{rel}","templated":true}]}}